{"id":2961,"date":"2022-10-27T16:55:45","date_gmt":"2022-10-27T14:55:45","guid":{"rendered":"https:\/\/www.theitaliantrotter.com\/?page_id=2961"},"modified":"2022-10-28T17:29:29","modified_gmt":"2022-10-28T15:29:29","slug":"cookie-policy","status":"publish","type":"page","link":"https:\/\/www.theitaliantrotter.com\/it\/cookie-policy\/","title":{"rendered":"Cookie policy"},"content":{"rendered":"\n<p>La presente cookie policy ha lo scopo specifico di illustrare i tipi, le modalit\u00e0 di utilizzo dei cookie.<\/p>\n\n\n\n<p><strong>Che cosa sono i cookie?<\/strong><\/p>\n\n\n\n<p>I cookie sono brevi frammenti di testo (lettere e\/o numeri) che permettono al server web di memorizzare sul client (il browser) informazioni da riutilizzare nel corso della medesima visita al sito (cookie di sessione) o in seguito, anche a distanza di giorni (cookie persistenti). I cookie vengono memorizzati, in base alle preferenze dell&#8217;utente, dal singolo browser sullo specifico dispositivo utilizzato (computer, tablet, smartphone).<\/p>\n\n\n\n<p>Tecnologie similari, come, ad esempio, web beacon, GIF trasparenti e tutte le forme di storage locale introdotte con HTML5, sono utilizzabili per raccogliere informazioni sul comportamento dell&#8217;utente e sull&#8217;utilizzo dei servizi.<\/p>\n\n\n\n<p>Nel seguito di questo documento faremo riferimento ai cookie e a tutte le tecnologie similari utilizzando semplicemente il termine &#8220;cookie&#8221;.<\/p>\n\n\n\n<p><strong>Tipologie di cookie<\/strong><\/p>\n\n\n\n<p>In base alle caratteristiche e all&#8217;utilizzo dei cookie possiamo distinguere diverse categorie:<\/p>\n\n\n\n<p>\u2022 <strong>Cookie strettamente necessari (consenso non necessario)<\/strong>. Si tratta di cookie indispensabili per il corretto funzionamento del sito e sono utilizzati per gestire il login e l&#8217;accesso alle funzioni riservate del sito. La durata dei cookie \u00e8 strettamente limitata alla sessione di lavoro (chiuso il&nbsp;<em>browser<\/em>&nbsp;vengono cancellati).<br>Fanno parte dei cookie necessari i cookie tecnici, che sono utilizzati al solo fine di &#8220;effettuare la trasmissione di una comunicazione su una rete di comunicazione elettronica, o nella misura strettamente necessaria al fornitore di un servizio della societ\u00e0 dell&#8217;informazione esplicitamente richiesto dall&#8217;abbonato o dall&#8217;utente a erogare tale servizio&#8221; (cfr. art. 122, comma 1, del Codice). Essi non vengono utilizzati per scopi ulteriori e sono normalmente installati direttamente dal titolare o gestore del sito web. Possono essere suddivisi in cookie di navigazione o di sessione, che garantiscono la normale navigazione e fruizione del sito web (permettendo, ad esempio, di realizzare un acquisto o autenticarsi per accedere ad aree riservate); cookie analytics, assimilati ai cookie tecnici laddove utilizzati direttamente dal gestore del sito per raccogliere informazioni, in forma aggregata, sul numero degli utenti e su come questi visitano il sito stesso; cookie di funzionalit\u00e0, che permettono all&#8217;utente la navigazione in funzione di una serie di criteri selezionati (ad esempio, la lingua, i prodotti selezionati per l&#8217;acquisto) al fine di migliorare il servizio reso allo stesso.<\/p>\n\n\n\n<p>\u2022 <strong>Cookie Statistici (facoltativi, consenso necessario). <\/strong>I cookie statistici aiutano i proprietari del sito web a capire come i visitatori interagiscono con i siti raccogliendo e trasmettendo informazioni in forma anonima.<\/p>\n\n\n\n<p>\u2022 <strong>Cookie di Marketing (consenso necessario). <\/strong>I cookie di marketing vengono utilizzati per tracciare i visitatori sui siti web. La finalit\u00e0 \u00e8 quella di presentare annunci pubblicitari che siano rilevanti e coinvolgenti per il singolo utente e quindi di maggior valore per editori e inserzionisti di terze parti.<\/p>\n\n\n\n<p>\u2022 <strong>Cookie di profilazione (consenso necessario).<\/strong> I cookie di profilazione sono volti a creare profili relativi all&#8217;utente e vengono utilizzati al fine di inviare messaggi pubblicitari in linea con le preferenze manifestate dallo stesso nell&#8217;ambito della navigazione in rete. In ragione della particolare invasivit\u00e0 che tali dispositivi possono avere nell&#8217;ambito della sfera privata degli utenti, la normativa europea e italiana prevede che l&#8217;utente debba essere adeguatamente informato sull&#8217;uso degli stessi ed esprimere cos\u00ec il proprio valido consenso (fonte:&nbsp;<a href=\"http:\/\/www.garanteprivacy.it\/web\/guest\/home\/docweb\/-\/docweb-display\/docweb\/3585077\" target=\"_blank\" rel=\"noreferrer noopener\">Garante Privacy<\/a>).<\/p>\n\n\n\n<p><\/p>\n\n\n\n<p><strong>Cookie di terze parti<\/strong><\/p>\n\n\n\n<p>Visitando un sito web si possono ricevere cookie sia dal sito visitato (&#8220;proprietari&#8221;), sia da siti gestiti da altre organizzazioni (&#8220;terze parti&#8221;). Un esempio e \u00e8 rappresentato dalla presenza dei &#8220;social plugin&#8221; (ad es. Facebook, Twitter, LinkedIn, youtube ecc). Si tratta di parti della pagina visitata generate direttamente dai suddetti siti ed integrate nella pagina del sito ospitante. L&#8217;utilizzo pi\u00f9 comune dei&nbsp;<em>social plugin<\/em>&nbsp;\u00e8 finalizzato alla condivisione dei contenuti sui social network.<\/p>\n\n\n\n<p>La presenza di questi&nbsp;<em>plugin<\/em>&nbsp;comporta la trasmissione di cookie da e verso tutti i siti gestiti da terze parti.<\/p>\n\n\n\n<p>Questo sito utilizza Cookie di terze parti al fine di raccogliere informazioni statistiche e consentire la condivisione dei contenuti mediante strumenti di condivisione (social, mail ecc.).&nbsp;<\/p>\n\n\n\n<p>La gestione delle informazioni raccolte da &#8220;terze parti&#8221; \u00e8 disciplinata dalle relative informative cui si prega di fare riferimento. Per garantire una maggiore trasparenza e comodit\u00e0, si riportano qui di seguito gli indirizzi web delle diverse informative e delle modalit\u00e0 per la gestione dei cookie di terze parti riferibili al presente sito.<\/p>\n\n\n\n<p>Google e YouTube: <a href=\"https:\/\/safety.google\/security-privacy\/\" target=\"_blank\" rel=\"noreferrer noopener\">Informativa privacy<\/a><\/p>\n\n\n\n<p><\/p>\n\n\n\n<p><strong>Cookieyes<\/strong><\/p>\n\n\n\n<p>I cookie installati sul presente sito web sono gestiti tramite Cookieyes, piattaforma di gestione del consenso che opera mediate una tecnologia di scansione che rileva e controlla tutti i cookie e i tracker in uso e gestisce automaticamente i consensi degli utenti finali, determinando la conformit\u00e0 automatizzata del portale web alle principali leggi globali sulla privacy, come ad esempio il GDPR dell\u2019UE, il CCPA\/CPRA della California, la LGPD del Brasile e molte altre.<\/p>\n\n\n\n<p>Se hai domande o commenti concernenti la presente politica sui cookie, contattaci all\u2019indirizzo: <a href=\"mailto:info@theitaliantrotter.com\">info@theitaliantrotter.com<\/a>.<\/p>\n\n\n\n<div style=\"height:40px\" aria-hidden=\"true\" class=\"wp-block-spacer\"><\/div>\n\n\n\n<p><strong>Elenco dei cookie utilizzati dal questo sito<\/strong><\/p>\n\n\n\n<div style=\"height:30px\" aria-hidden=\"true\" class=\"wp-block-spacer\"><\/div>\n\n\n\n<p><strong>COOKIE NECESSARI (consenso non necessario)<\/strong><\/p>\n\n\n\n<figure class=\"wp-block-table is-style-regular\"><table><tbody><tr><td><strong>Nome<\/strong><\/td><td><strong>Fornitore<\/strong><\/td><td><strong>Tipo<\/strong><\/td><td><strong>Scadenza<\/strong><\/td><td><strong>Descrizione<\/strong><\/td><\/tr><tr><td>_CookieConsent<\/td><td>Cookiebot<\/td><td>HTTP<\/td><td>1 anno<\/td><td>Memorizza lo stato del consenso ai cookie dell&#8217;utente per il dominio corrente<br><\/td><\/tr><tr><td>test_cookie<\/td><td>Google<\/td><td>HTTP<\/td><td>1 giorno<\/td><td>Utilizzato per verificare se il browser dell&#8217;utente supporta i cookie.<\/td><\/tr><tr><td>_GRECAPTCHA<\/td><td>Google<\/td><td>HTTP<\/td><td>179 giorni<\/td><td>Questo cookie \u00e8 usato per distinguere tra umani e robot. Questo \u00e8 utile per il sito web, al fine di rendere validi rapporti sull&#8217;uso del sito.<\/td><\/tr><tr><td>rc::a<\/td><td>Google<\/td><td>HTML<\/td><td>Persistente<\/td><td>Questo cookie \u00e8 usato per distinguere tra umani e robot. Questo \u00e8 utile per il sito web, al fine di rendere validi rapporti sull&#8217;uso del sito.<\/td><\/tr><tr><td>rc::b<\/td><td>Google<\/td><td>HTML<\/td><td>Sessione<\/td><td>Questo cookie \u00e8 usato per distinguere tra umani e robot.<\/td><\/tr><tr><td>rc::c<\/td><td>Google<\/td><td>HTML<\/td><td>Sessione<\/td><td>Questo cookie \u00e8 usato per distinguere tra umani e robot.<\/td><\/tr><tr><td>_grecaptcha<\/td><td>Google<\/td><td>HTML<\/td><td>Persistente<\/td><td>Questo cookie \u00e8 usato per distinguere tra umani e robot. Questo \u00e8 utile per il sito web, al fine di rendere validi rapporti sull&#8217;uso del sito.<\/td><\/tr><tr><td>CONSENT [x2]<\/td><td>play.google.com<br>youtube.com<\/td><td>HTTP<\/td><td>2 anni<\/td><td><a href=\"https:\/\/www.theitaliantrotter.com\/it\/\"><\/a>Utilizzato per rilevare se il visitatore ha accettato la categoria di marketing nel banner dei cookie. Questo cookie \u00e8 necessario per la conformit\u00e0 GDPR del sito web.<\/td><\/tr><\/tbody><\/table><\/figure>\n\n\n\n<div style=\"height:30px\" aria-hidden=\"true\" class=\"wp-block-spacer\"><\/div>\n\n\n\n<p><strong>COOKIE STATISTICI (facoltativi, consenso necessario)<\/strong><\/p>\n\n\n\n<figure class=\"wp-block-table is-style-regular\"><table><tbody><tr><td><strong>Nome<\/strong><\/td><td><strong>Fornitore<\/strong><\/td><td><strong>Tipo<\/strong><\/td><td><strong>Scadenza<\/strong><\/td><td><strong>Descrizione<\/strong><\/td><\/tr><tr><td>_ga_#<\/td><td>Google<\/td><td>HTTP<\/td><td>2 anni<\/td><td>Utilizzato da Google Analytics per raccogliere dati sul numero di volte che un utente ha visitato il sito internet, oltre che le dati per la prima visita e la visita pi\u00f9 recente.<\/td><\/tr><tr><td>_ga<\/td><td>Google<\/td><td>HTTP<\/td><td>2 anni<\/td><td>Registra un ID univoco utilizzato per generare dati statistici su come il visitatore utilizza il sito internet.<\/td><\/tr><tr><td>_gat<\/td><td>Google<\/td><td>HTTP<\/td><td>1 giorno<\/td><td>Utilizzato da Google Analytics per limitare la frequenza delle richieste<\/td><\/tr><tr><td>_gid<\/td><td>Google<\/td><td>HTML<\/td><td>1 giorno<\/td><td>Registra ID univoco per generare dati statistici su comportamento del visitatore.<\/td><\/tr><\/tbody><\/table><\/figure>\n\n\n\n<div style=\"height:30px\" aria-hidden=\"true\" class=\"wp-block-spacer\"><\/div>\n\n\n\n<p><strong>COOKIE DI MARKETING (facoltativi, consenso necessario)<\/strong><\/p>\n\n\n\n<figure class=\"wp-block-table is-style-regular\"><table><tbody><tr><td><strong>Nome<\/strong><\/td><td><strong>Fornitore<\/strong><\/td><td><strong>Tipo<\/strong><\/td><td><strong>Scadenza<\/strong><\/td><td><strong>Descrizione<\/strong><\/td><\/tr><tr><td>pagead\/landing [x2]<\/td><td>Google<\/td><td>Pixel<\/td><td>Sessione<\/td><td>Raccoglie dati sul comportamento dei visitatori da pi\u00f9 siti web, al fine di presentare annunci pubblicitari pi\u00f9 pertinenti. Ci\u00f2 consente inoltre al sito web di limitare il numero di volte che un visitatore viene mostrato lo stesso annuncio.<\/td><\/tr><tr><td>ads\/ga-audiences<\/td><td>Google<\/td><td>Pixel<\/td><td>Sessione<\/td><td>Utilizzato da Google AdWords per coinvolgere nuovamente i visitatori che potrebbero convertirsi in clienti in base al comportamento online del visitatore sui siti web.<\/td><\/tr><tr><td>pagead\/1p-user-list\/#<\/td><td>Google<\/td><td>Pixel<\/td><td>Sessione<\/td><td>Monitora se l&#8217;utente ha mostrato interesse per specifici prodotti o eventi su pi\u00f9 siti web e rileva come l&#8217;utente naviga tra i siti. Viene usato per valutare le attivit\u00e0 pubblicitarie e facilita il pagamento delle commissioni per il reindirizzamento tra i siti.<\/td><\/tr><tr><td>#,#<\/td><td>Google<\/td><td>HTML<\/td><td>Persistente<\/td><td>Raccoglie dati sul comportamento e l&#8217;interazione degli utenti, per ottimizzare il sito e rendere pi\u00f9 rilevante la pubblicit\u00e0 mostrata.<\/td><\/tr><tr><td>#,#_expiresAt<\/td><td>Google<\/td><td>HTML<\/td><td>Persistente<\/td><td>Raccoglie dati sul comportamento e l&#8217;interazione degli utenti, per ottimizzare il sito e rendere pi\u00f9 rilevante la pubblicit\u00e0 mostrata.<\/td><\/tr><tr><td>_gcl_au<\/td><td>Google<\/td><td>HTTP<\/td><td>3 mesi<\/td><td>Utilizzato da Google AdSense per sperimentare l&#8217;efficacia pubblicitaria su tutti i siti web che utilizzano i loro servizi.<\/td><\/tr><tr><td>VISITOR_INFO1_LIVE<\/td><td>YouTube<\/td><td>HTTP<\/td><td>179 giorni<\/td><td>Prova a stimare la velocit\u00e0 della connessione dell&#8217;utente su pagine con video YouTube integrati.<\/td><\/tr><tr><td>YSC<\/td><td>YouTube<\/td><td>HTTP<\/td><td>Sessione<\/td><td>Registra un ID univoco per statistiche legate a quali video YouTube sono stati visualizzati dall&#8217;utente.<\/td><\/tr><tr><td>ytidb::LAST_RESULT_ENTRY_KEY<\/td><td>YouTube<\/td><td>HTML<\/td><td>Persistente<\/td><td>Memorizza le preferenze del lettore video dell&#8217;utente usando il video YouTube incorporato<\/td><\/tr><tr><td>yt-remote-cast-available<\/td><td>YouTube<\/td><td>HTML<\/td><td>Sessione<\/td><td>Memorizza le preferenze del lettore video dell&#8217;utente usando il video YouTube incorporato<\/td><\/tr><tr><td>yt-remote-cast-installed<\/td><td>YouTube<\/td><td>HTML<\/td><td>Sessione<\/td><td>Memorizza le preferenze del lettore video dell&#8217;utente usando il video YouTube incorporato<\/td><\/tr><tr><td>yt-remote-connected-devices<\/td><td>YouTube<\/td><td>HTML<\/td><td>Sessione<\/td><td>Memorizza le preferenze del lettore video dell&#8217;utente usando il video YouTube incorporato<\/td><\/tr><tr><td>yt-remote-device-id<\/td><td>YouTube<\/td><td>HTML<\/td><td>Sessione<\/td><td>Memorizza le preferenze del lettore video dell&#8217;utente usando il video YouTube incorporato<\/td><\/tr><tr><td>yt-remote-fast-check-period<\/td><td>YouTube<\/td><td>HTML<\/td><td>Sessione<\/td><td>Memorizza le preferenze del lettore video dell&#8217;utente usando il video YouTube incorporato<\/td><\/tr><tr><td>yt-remote-session-app<\/td><td>YouTube<\/td><td>HTML<\/td><td>Sessione<\/td><td>Memorizza le preferenze del lettore video dell&#8217;utente usando il video YouTube incorporato<\/td><\/tr><tr><td>yt-remote-session-name<\/td><td>YouTube<\/td><td>HTML<\/td><td>Sessione<\/td><td>Memorizza le preferenze del lettore video dell&#8217;utente usando il video YouTube incorporato<\/td><\/tr><\/tbody><\/table><\/figure>\n\n\n\n<div style=\"height:30px\" aria-hidden=\"true\" class=\"wp-block-spacer\"><\/div>\n\n\n\n<p><strong>COOKIE NON CLASSIFICATI<\/strong><\/p>\n\n\n\n<figure class=\"wp-block-table\"><table><tbody><tr><td><strong>Nome<\/strong><\/td><td><strong>Fornitore<\/strong><\/td><td><strong>Tipo<\/strong><\/td><td><strong>Scadenza<\/strong><\/td><td><strong>Descrizione<\/strong><\/td><\/tr><tr><td>popup-id-all-website<\/td><td>The Italian Trotter<\/td><td>HTTP<\/td><td>Sessione<\/td><td>Gestisce il funzionamento del popup.<\/td><\/tr><tr><td>RANGEPOOLID<\/td><td>The Italian Trotter<\/td><td>HTTP<\/td><td>Sessione<\/td><td>Gestisce le performance del server.<\/td><\/tr><\/tbody><\/table><\/figure>\n\n\n\n<div style=\"height:40px\" aria-hidden=\"true\" class=\"wp-block-spacer\"><\/div>\n\n\n\n<p><strong>Come modificare le impostazioni sui cookie<\/strong><\/p>\n\n\n\n<p>La maggior parte dei browser permette di cancellare i cookie dal disco fisso del computer, di bloccare l\u2019accettazione dei cookie o di ricevere un avviso prima che un cookie venga memorizzato. Di seguito si offrono le istruzioni per modificare le impostazioni dei cookie dei seguenti browser:<\/p>\n\n\n\n<p>\u2022 <a href=\"http:\/\/support.google.com\/chrome\/answer\/95647?hl=it\" target=\"_blank\" rel=\"noreferrer noopener\">Google Chrome<\/a><br>\u2022 <a href=\"https:\/\/support.mozilla.org\/it\/kb\/Attivare%20e%20disattivare%20i%20cookie\" target=\"_blank\" rel=\"noreferrer noopener\">Mozilla Firefox<\/a><br>\u2022 <a href=\"http:\/\/support.microsoft.com\/kb\/196955\" target=\"_blank\" rel=\"noreferrer noopener\">Internet Explorer<\/a><br>\u2022 <a href=\"http:\/\/support.apple.com\/kb\/PH5042\" target=\"_blank\" rel=\"noreferrer noopener\">Safari<\/a><br>\u2022 <a href=\"https:\/\/support.microsoft.com\/it-it\/microsoft-edge\/eliminare-i-cookie-in-microsoft-edge-63947406-40ac-c3b8-57b9-2a946a29ae09\" target=\"_blank\" rel=\"noreferrer noopener\">Microsoft Edge<\/a><\/p>\n\n\n\n<div style=\"height:100px\" aria-hidden=\"true\" class=\"wp-block-spacer\"><\/div>\n","protected":false},"excerpt":{"rendered":"<p>La presente cookie policy ha lo scopo specifico di illustrare i tipi, le modalit\u00e0 di utilizzo dei cookie. Che cosa sono i cookie? I cookie sono brevi frammenti di testo (lettere e\/o numeri) che permettono al server web di memorizzare sul client (il browser) informazioni da riutilizzare nel corso della medesima visita al sito (cookie [&hellip;]<\/p>\n","protected":false},"author":6,"featured_media":0,"parent":0,"menu_order":0,"comment_status":"closed","ping_status":"closed","template":"page-privacy.php","meta":{"_acf_changed":false,"inline_featured_image":false,"_monsterinsights_skip_tracking":false,"_monsterinsights_sitenote_active":false,"_monsterinsights_sitenote_note":"","_monsterinsights_sitenote_category":0,"footnotes":""},"class_list":["post-2961","page","type-page","status-publish","hentry"],"acf":[],"yoast_head":"<!-- This site is optimized with the Yoast SEO plugin v25.5 - https:\/\/yoast.com\/wordpress\/plugins\/seo\/ -->\n<title>Cookie policy | The Italian Trotter<\/title>\n<meta name=\"robots\" content=\"index, follow, max-snippet:-1, max-image-preview:large, max-video-preview:-1\" \/>\n<link rel=\"canonical\" href=\"https:\/\/www.theitaliantrotter.com\/it\/cookie-policy\/\" \/>\n<meta property=\"og:locale\" content=\"it_IT\" \/>\n<meta property=\"og:type\" content=\"article\" \/>\n<meta property=\"og:title\" content=\"Cookie policy | The Italian Trotter\" \/>\n<meta property=\"og:description\" content=\"La presente cookie policy ha lo scopo specifico di illustrare i tipi, le modalit\u00e0 di utilizzo dei cookie. Che cosa sono i cookie? I cookie sono brevi frammenti di testo (lettere e\/o numeri) che permettono al server web di memorizzare sul client (il browser) informazioni da riutilizzare nel corso della medesima visita al sito (cookie [&hellip;]\" \/>\n<meta property=\"og:url\" content=\"https:\/\/www.theitaliantrotter.com\/it\/cookie-policy\/\" \/>\n<meta property=\"og:site_name\" content=\"The Italian Trotter\" \/>\n<meta property=\"article:publisher\" content=\"https:\/\/www.facebook.com\/theitaliantrotter\/\" \/>\n<meta property=\"article:modified_time\" content=\"2022-10-28T15:29:29+00:00\" \/>\n<meta name=\"twitter:label1\" content=\"Est. reading time\" \/>\n\t<meta name=\"twitter:data1\" content=\"7 minutes\" \/>\n<script type=\"application\/ld+json\" class=\"yoast-schema-graph\">{\"@context\":\"https:\/\/schema.org\",\"@graph\":[{\"@type\":\"WebPage\",\"@id\":\"https:\/\/www.theitaliantrotter.com\/it\/cookie-policy\/\",\"url\":\"https:\/\/www.theitaliantrotter.com\/it\/cookie-policy\/\",\"name\":\"Cookie policy | The Italian Trotter\",\"isPartOf\":{\"@id\":\"https:\/\/www.theitaliantrotter.com\/it\/#website\"},\"datePublished\":\"2022-10-27T14:55:45+00:00\",\"dateModified\":\"2022-10-28T15:29:29+00:00\",\"breadcrumb\":{\"@id\":\"https:\/\/www.theitaliantrotter.com\/it\/cookie-policy\/#breadcrumb\"},\"inLanguage\":\"en-US\",\"potentialAction\":[{\"@type\":\"ReadAction\",\"target\":[\"https:\/\/www.theitaliantrotter.com\/it\/cookie-policy\/\"]}]},{\"@type\":\"BreadcrumbList\",\"@id\":\"https:\/\/www.theitaliantrotter.com\/it\/cookie-policy\/#breadcrumb\",\"itemListElement\":[{\"@type\":\"ListItem\",\"position\":1,\"name\":\"Home\",\"item\":\"https:\/\/www.theitaliantrotter.com\/it\/\"},{\"@type\":\"ListItem\",\"position\":2,\"name\":\"Cookie policy\"}]},{\"@type\":\"WebSite\",\"@id\":\"https:\/\/www.theitaliantrotter.com\/it\/#website\",\"url\":\"https:\/\/www.theitaliantrotter.com\/it\/\",\"name\":\"The Italian Trotter\",\"description\":\"\",\"publisher\":{\"@id\":\"https:\/\/www.theitaliantrotter.com\/it\/#organization\"},\"potentialAction\":[{\"@type\":\"SearchAction\",\"target\":{\"@type\":\"EntryPoint\",\"urlTemplate\":\"https:\/\/www.theitaliantrotter.com\/it\/?s={search_term_string}\"},\"query-input\":{\"@type\":\"PropertyValueSpecification\",\"valueRequired\":true,\"valueName\":\"search_term_string\"}}],\"inLanguage\":\"en-US\"},{\"@type\":\"Organization\",\"@id\":\"https:\/\/www.theitaliantrotter.com\/it\/#organization\",\"name\":\"The Italian Trotter\",\"url\":\"https:\/\/www.theitaliantrotter.com\/it\/\",\"logo\":{\"@type\":\"ImageObject\",\"inLanguage\":\"en-US\",\"@id\":\"https:\/\/www.theitaliantrotter.com\/it\/#\/schema\/logo\/image\/\",\"url\":\"https:\/\/www.theitaliantrotter.com\/wp-content\/uploads\/2020\/01\/the-italian-trotter-logo.svg\",\"contentUrl\":\"https:\/\/www.theitaliantrotter.com\/wp-content\/uploads\/2020\/01\/the-italian-trotter-logo.svg\",\"width\":\"1024\",\"height\":\"1024\",\"caption\":\"The Italian Trotter\"},\"image\":{\"@id\":\"https:\/\/www.theitaliantrotter.com\/it\/#\/schema\/logo\/image\/\"},\"sameAs\":[\"https:\/\/www.facebook.com\/theitaliantrotter\/\",\"https:\/\/www.instagram.com\/theitaliantrotter\/\",\"https:\/\/www.youtube.com\/channel\/UCDLtG9_9tOKdrOYY1bbuOZQ\"]}]}<\/script>\n<!-- \/ Yoast SEO plugin. -->","yoast_head_json":{"title":"Cookie policy | The Italian Trotter","robots":{"index":"index","follow":"follow","max-snippet":"max-snippet:-1","max-image-preview":"max-image-preview:large","max-video-preview":"max-video-preview:-1"},"canonical":"https:\/\/www.theitaliantrotter.com\/it\/cookie-policy\/","og_locale":"it_IT","og_type":"article","og_title":"Cookie policy | The Italian Trotter","og_description":"La presente cookie policy ha lo scopo specifico di illustrare i tipi, le modalit\u00e0 di utilizzo dei cookie. Che cosa sono i cookie? I cookie sono brevi frammenti di testo (lettere e\/o numeri) che permettono al server web di memorizzare sul client (il browser) informazioni da riutilizzare nel corso della medesima visita al sito (cookie [&hellip;]","og_url":"https:\/\/www.theitaliantrotter.com\/it\/cookie-policy\/","og_site_name":"The Italian Trotter","article_publisher":"https:\/\/www.facebook.com\/theitaliantrotter\/","article_modified_time":"2022-10-28T15:29:29+00:00","twitter_misc":{"Est. reading time":"7 minutes"},"schema":{"@context":"https:\/\/schema.org","@graph":[{"@type":"WebPage","@id":"https:\/\/www.theitaliantrotter.com\/it\/cookie-policy\/","url":"https:\/\/www.theitaliantrotter.com\/it\/cookie-policy\/","name":"Cookie policy | The Italian Trotter","isPartOf":{"@id":"https:\/\/www.theitaliantrotter.com\/it\/#website"},"datePublished":"2022-10-27T14:55:45+00:00","dateModified":"2022-10-28T15:29:29+00:00","breadcrumb":{"@id":"https:\/\/www.theitaliantrotter.com\/it\/cookie-policy\/#breadcrumb"},"inLanguage":"en-US","potentialAction":[{"@type":"ReadAction","target":["https:\/\/www.theitaliantrotter.com\/it\/cookie-policy\/"]}]},{"@type":"BreadcrumbList","@id":"https:\/\/www.theitaliantrotter.com\/it\/cookie-policy\/#breadcrumb","itemListElement":[{"@type":"ListItem","position":1,"name":"Home","item":"https:\/\/www.theitaliantrotter.com\/it\/"},{"@type":"ListItem","position":2,"name":"Cookie policy"}]},{"@type":"WebSite","@id":"https:\/\/www.theitaliantrotter.com\/it\/#website","url":"https:\/\/www.theitaliantrotter.com\/it\/","name":"The Italian Trotter","description":"","publisher":{"@id":"https:\/\/www.theitaliantrotter.com\/it\/#organization"},"potentialAction":[{"@type":"SearchAction","target":{"@type":"EntryPoint","urlTemplate":"https:\/\/www.theitaliantrotter.com\/it\/?s={search_term_string}"},"query-input":{"@type":"PropertyValueSpecification","valueRequired":true,"valueName":"search_term_string"}}],"inLanguage":"en-US"},{"@type":"Organization","@id":"https:\/\/www.theitaliantrotter.com\/it\/#organization","name":"The Italian Trotter","url":"https:\/\/www.theitaliantrotter.com\/it\/","logo":{"@type":"ImageObject","inLanguage":"en-US","@id":"https:\/\/www.theitaliantrotter.com\/it\/#\/schema\/logo\/image\/","url":"https:\/\/www.theitaliantrotter.com\/wp-content\/uploads\/2020\/01\/the-italian-trotter-logo.svg","contentUrl":"https:\/\/www.theitaliantrotter.com\/wp-content\/uploads\/2020\/01\/the-italian-trotter-logo.svg","width":"1024","height":"1024","caption":"The Italian Trotter"},"image":{"@id":"https:\/\/www.theitaliantrotter.com\/it\/#\/schema\/logo\/image\/"},"sameAs":["https:\/\/www.facebook.com\/theitaliantrotter\/","https:\/\/www.instagram.com\/theitaliantrotter\/","https:\/\/www.youtube.com\/channel\/UCDLtG9_9tOKdrOYY1bbuOZQ"]}]}},"_links":{"self":[{"href":"https:\/\/www.theitaliantrotter.com\/it\/wp-json\/wp\/v2\/pages\/2961","targetHints":{"allow":["GET"]}}],"collection":[{"href":"https:\/\/www.theitaliantrotter.com\/it\/wp-json\/wp\/v2\/pages"}],"about":[{"href":"https:\/\/www.theitaliantrotter.com\/it\/wp-json\/wp\/v2\/types\/page"}],"author":[{"embeddable":true,"href":"https:\/\/www.theitaliantrotter.com\/it\/wp-json\/wp\/v2\/users\/6"}],"replies":[{"embeddable":true,"href":"https:\/\/www.theitaliantrotter.com\/it\/wp-json\/wp\/v2\/comments?post=2961"}],"version-history":[{"count":24,"href":"https:\/\/www.theitaliantrotter.com\/it\/wp-json\/wp\/v2\/pages\/2961\/revisions"}],"predecessor-version":[{"id":3149,"href":"https:\/\/www.theitaliantrotter.com\/it\/wp-json\/wp\/v2\/pages\/2961\/revisions\/3149"}],"wp:attachment":[{"href":"https:\/\/www.theitaliantrotter.com\/it\/wp-json\/wp\/v2\/media?parent=2961"}],"curies":[{"name":"wp","href":"https:\/\/api.w.org\/{rel}","templated":true}]}}